{"id":1912,"date":"2023-05-14T10:17:10","date_gmt":"2023-05-14T08:17:10","guid":{"rendered":"https:\/\/www.hybernia.eu\/about-us\/contacts\/"},"modified":"2026-03-25T11:40:07","modified_gmt":"2026-03-25T10:40:07","slug":"contacts","status":"publish","type":"page","link":"https:\/\/www.hybernia.eu\/en\/about-us\/contacts\/","title":{"rendered":"Contacts"},"content":{"rendered":"\n\n\t<h2>Billing data<\/h2>\nHybernia, a.s.<br \/>\nn\u00e1m\u011bst\u00ed Republiky 3\/4<br \/>\n110 00 Prague 1, CZ\n<p>I\u010cO: 26133083<\/p>\n\n\t<h2>Tickets<\/h2>\n<p>&nbsp;<\/p>\n<strong>Standard box office opening hours:<\/strong><br \/>\nMon-Fri: 10:00 a.m.-7:00 p.m.<br \/>\nSat-Sun: 10:00 a.m. &#8211; until the start of the performance,<br \/>\nonly in the case of performances produced in-house<br \/>\nPublic holidays: open if there is a performance or exhibition\n<h4>\u00a0+420\u00a0731 105 130<\/h4>\n<p>\u00a0<a href=\"mailto:vstupenky@hybernia.eu\">vstupenky@hybernia.eu<\/a><\/p>\n<h2>\n\t\t\tOur Team\t<\/h2>\n\t<p>Director<\/p>\n<p><a href=\"https:\/\/www.hybernia.eu\/en\/artists\/eva-homindova-romerova\/\"><strong>EVA HOMINDOV\u00c1 R\u00d6MEROV\u00c1, MBA, Ph.D.<\/strong><\/a><\/p>\n<p>&nbsp;<\/p>\n\t<p>&nbsp;<\/p>\n<p>\u00a0\u00a0 <a href=\"mailto:info@hybernia.eu\">info@hybernia.eu<\/a><\/p>\n\t<p>Art director<\/p>\n<p><a href=\"https:\/\/www.hybernia.eu\/umelci\/otakar-faifr\/\"><strong>OTAKAR FAIFR<\/strong><\/a><\/p>\n\t<p>&nbsp;<\/p>\n<p>\u00a0\u00a0 <a href=\"mailto:otakar.faifr@hybernia.eu\">otakar.faifr@hybernia.eu<\/a><\/p>\n\t<p>Office manager<\/p>\n<p><strong>AD\u00c9LA MACOURKOV\u00c1<\/strong><\/p>\n\t<p>\u00a0\u00a0 +420 733 691 653<\/p>\n<p>\u00a0\u00a0 <a href=\"mailto:info@hybernia.eu\">info@hybernia.eu<\/a><\/p>\n\t<p>Marketing manager<\/p>\n<p><strong>Mgr. PAVLA HALUZOV\u00c1<\/strong><\/p>\n\t<p>\u00a0 +420 603 153 630<\/p>\n<p>\u00a0 <a href=\"mailto:marketing@hybernia.eu\">marketing@hybernia.eu<\/a><\/p>\n\t<p>Production<\/p>\n<p><strong>BARBORA B\u00d6HMOV\u00c1<\/strong><\/p>\n\t<p>\u00a0\u00a0 +420 703 670 770<\/p>\n<p>\u00a0\u00a0 <a href=\"mailto: produkce2@hybernia.eu\">produkce2@hybernia.eu<\/a><\/p>\n\t<p>Production<\/p>\n<p><strong>Mgr. NAT\u00c1LIA BEZD\u011aKOV\u00c1<\/strong><\/p>\n\t<p>\u00a0\u00a0 +420 777 000 803<\/p>\n<p>\u00a0\u00a0 <a href=\"mailto:produkce@hybernia.eu\">produkce@hybernia.eu<\/a><\/p>\n\t<p>Sales manager, bulk orders, rentals<\/p>\n<p><strong>HANA DVORSK\u00c1<\/strong><\/p>\n\t<p>\u00a0 +420 605 108 326<\/p>\n<p>\u00a0\u00a0<a href=\"mailto:vstupenky@hybernia.eu\">vstupenky@hybernia.eu<\/a><\/p>\n\t<p>Business officer, tickets, tours<\/p>\n<p><strong>PETR BURI\u00c1NEK<\/strong><\/p>\n\t<p>\u00a0 +420 703 670 760<\/p>\n<p>\u00a0 <a href=\"mailto:vstupenky2@hybernia.eu\">vstupenky2@hybernia.eu<\/a><\/p>\n\t<p>Business officer, barter trade, schools<\/p>\n<p><strong>CLAUDIA EFTIMIADISOV\u00c1<\/strong><\/p>\n\t<p>\u00a0 +420 605 730 476<\/p>\n<p>\u00a0 <a href=\"hybernia@hybernia.eu\">hybernia@hybernia.eu<\/a><\/p>\n\t<p>Operations Manager<\/p>\n<p><b>VIKTOR SVA\u010cINKA<\/b><\/p>\n\t<p> +420 604\u00a0873\u00a0198<\/p>\n<p>\u00a0 <a href=\"mailto:vstupenky2@hybernia.eu\">viktor.svacinka@hybernia.eu<\/a><\/p>\n\n","protected":false},"excerpt":{"rendered":"<p>Billing data Hybernia, a.s. n\u00e1m\u011bst\u00ed Republiky 3\/4 110 00 Prague 1, CZ I\u010cO: 26133083 Tickets &nbsp; Standard box office opening&#8230;<\/p>\n","protected":false},"author":1,"featured_media":0,"parent":1839,"menu_order":0,"comment_status":"closed","ping_status":"closed","template":"","meta":{"_acf_changed":false,"footnotes":""},"class_list":["post-1912","page","type-page","status-publish","hentry"],"acf":[],"_links":{"self":[{"href":"https:\/\/www.hybernia.eu\/en\/wp-json\/wp\/v2\/pages\/1912","targetHints":{"allow":["GET"]}}],"collection":[{"href":"https:\/\/www.hybernia.eu\/en\/wp-json\/wp\/v2\/pages"}],"about":[{"href":"https:\/\/www.hybernia.eu\/en\/wp-json\/wp\/v2\/types\/page"}],"author":[{"embeddable":true,"href":"https:\/\/www.hybernia.eu\/en\/wp-json\/wp\/v2\/users\/1"}],"replies":[{"embeddable":true,"href":"https:\/\/www.hybernia.eu\/en\/wp-json\/wp\/v2\/comments?post=1912"}],"version-history":[{"count":13,"href":"https:\/\/www.hybernia.eu\/en\/wp-json\/wp\/v2\/pages\/1912\/revisions"}],"predecessor-version":[{"id":9792,"href":"https:\/\/www.hybernia.eu\/en\/wp-json\/wp\/v2\/pages\/1912\/revisions\/9792"}],"up":[{"embeddable":true,"href":"https:\/\/www.hybernia.eu\/en\/wp-json\/wp\/v2\/pages\/1839"}],"wp:attachment":[{"href":"https:\/\/www.hybernia.eu\/en\/wp-json\/wp\/v2\/media?parent=1912"}],"curies":[{"name":"wp","href":"https:\/\/api.w.org\/{rel}","templated":true}]}}