{"id":1913,"date":"2023-05-14T10:16:21","date_gmt":"2023-05-14T08:16:21","guid":{"rendered":"https:\/\/www.hybernia.eu\/about-us\/partners\/"},"modified":"2025-11-28T14:12:04","modified_gmt":"2025-11-28T13:12:04","slug":"partners","status":"publish","type":"page","link":"https:\/\/www.hybernia.eu\/en\/about-us\/partners\/","title":{"rendered":"Partners"},"content":{"rendered":"\n\n\t<p>We are grateful for the very valuable support by our amazing partners! Thank you!<\/p>\n<h2>\n\t\t\tGeneral partner\t<\/h2>\n\t\t\t\t<img decoding=\"async\" src=\"https:\/\/www.hybernia.eu\/wp-content\/uploads\/2024\/04\/Untitled-design4-e1694461372232.jpg\" alt=\"Untitled-design4-e1694461372232\" itemprop=\"image\" height=\"122\" width=\"455\" title=\"Untitled-design4-e1694461372232\" onerror=\"this.style.display='none'\" loading=\"lazy\" \/>\n<h3>\n\t\t\tMain media partner\t<\/h3>\n\t\t\t\t<a href=\"https:\/\/dvojka.rozhlas.cz\/%20\" target=\"_blank\" rel=\"noopener\" itemprop=\"url\">\n\t\t\t\t<img decoding=\"async\" src=\"https:\/\/www.hybernia.eu\/wp-content\/uploads\/2024\/09\/Free-Simple-Modern-Circle-Design-Studio-Logo-4.png\" alt=\"Free Simple Modern Circle Design Studio Logo (4)\" itemprop=\"image\" height=\"375\" width=\"375\" title=\"Free Simple Modern Circle Design Studio Logo (4)\" onerror=\"this.style.display='none'\" loading=\"lazy\" \/>\n\t\t\t\t<\/a>\n\t\t\t\t<a href=\"https:\/\/praha.rozhlas.cz\/\" target=\"_blank\" rel=\"noopener\" itemprop=\"url\">\n\t\t\t\t<img decoding=\"async\" src=\"https:\/\/www.hybernia.eu\/wp-content\/uploads\/2024\/02\/CRo_RadioPraha_H_BLACK.png\" alt=\"CRo_RadioPraha_H_BLACK\" itemprop=\"image\" height=\"312\" width=\"1231\" title=\"CRo_RadioPraha_H_BLACK\" onerror=\"this.style.display='none'\" loading=\"lazy\" \/>\n\t\t\t\t<\/a>\n\t\t\t\t<a href=\"https:\/\/nasregion.cz\/\" target=\"_blank\" rel=\"noopener\" itemprop=\"url\">\n\t\t\t\t<img decoding=\"async\" src=\"https:\/\/www.hybernia.eu\/wp-content\/uploads\/2024\/09\/Free-Simple-Modern-Circle-Design-Studio-Logo-6.png\" alt=\"Free Simple Modern Circle Design Studio Logo (6)\" itemprop=\"image\" height=\"375\" width=\"375\" title=\"Free Simple Modern Circle Design Studio Logo (6)\" onerror=\"this.style.display='none'\" loading=\"lazy\" \/>\n\t\t\t\t<\/a>\n\t\t\t\t<a href=\"https:\/\/tv.a11.cz\/\" target=\"_blank\" rel=\"noopener\" itemprop=\"url\">\n\t\t\t\t<img decoding=\"async\" src=\"https:\/\/www.hybernia.eu\/wp-content\/uploads\/2024\/09\/Free-Simple-Modern-Circle-Design-Studio-Logo-7.png\" alt=\"Free Simple Modern Circle Design Studio Logo (7)\" itemprop=\"image\" height=\"375\" width=\"375\" title=\"Free Simple Modern Circle Design Studio Logo (7)\" onerror=\"this.style.display='none'\" loading=\"lazy\" \/>\n\t\t\t\t<\/a>\n<h3>\n\t\t\tPartners\t<\/h3>\n\t\t\t\t<a href=\"https:\/\/www.bistroubyka.cz\/\" target=\"_blank\" rel=\"noopener\" itemprop=\"url\">\n\t\t\t\t<img decoding=\"async\" src=\"https:\/\/www.hybernia.eu\/wp-content\/uploads\/2024\/04\/Obrazovka-100x100.png\" alt=\"Obrazovka\" itemprop=\"image\" height=\"100\" width=\"100\" title=\"Obrazovka\" onerror=\"this.style.display='none'\" loading=\"lazy\" \/>\n\t\t\t\t<\/a>\n\t\t\t\t<a href=\"https:\/\/www.bistroubyka.cz\/\" target=\"_blank\" rel=\"noopener\" itemprop=\"url\">\n\t\t\t\t<img decoding=\"async\" src=\"https:\/\/www.hybernia.eu\/wp-content\/uploads\/2024\/04\/bisto_new_red-300x123.webp\" alt=\"bisto_new_red\" itemprop=\"image\" height=\"123\" width=\"300\" title=\"bisto_new_red\" onerror=\"this.style.display='none'\" loading=\"lazy\" \/>\n\t\t\t\t<\/a>\n\t\t\t\t<img decoding=\"async\" src=\"https:\/\/www.hybernia.eu\/wp-content\/uploads\/2023\/11\/top-privacy.png\" alt=\"top privacy\" itemprop=\"image\" height=\"686\" width=\"4410\" title=\"top privacy\" onerror=\"this.style.display='none'\" loading=\"lazy\" \/>\n\t\t\t\t<img decoding=\"async\" src=\"https:\/\/www.hybernia.eu\/wp-content\/uploads\/2023\/10\/Jehne-Vodak-advokatni-kancelar.jpg\" alt=\"Jehne, Vod\u00e1k advok\u00e1tn\u00ed kancel\u00e1\u0159\" itemprop=\"image\" height=\"71\" width=\"228\" title=\"Jehne, Vod\u00e1k advok\u00e1tn\u00ed kancel\u00e1\u0159\" onerror=\"this.style.display='none'\" loading=\"lazy\" \/>\n\t\t\t\t<a href=\"https:\/\/www.kudyznudy.cz\/\" target=\"_blank\" rel=\"noopener\" itemprop=\"url\">\n\t\t\t\t<img decoding=\"async\" src=\"https:\/\/www.hybernia.eu\/wp-content\/uploads\/2025\/11\/GNDXeMgIhrejqIstyvcLhco1CGy1715656280033_200x200.png\" alt=\"GNDXeMgIhrejqIstyvcLhco1CGy1715656280033_200x200\" itemprop=\"image\" height=\"200\" width=\"200\" title=\"GNDXeMgIhrejqIstyvcLhco1CGy1715656280033_200x200\" onerror=\"this.style.display='none'\" loading=\"lazy\" \/>\n\t\t\t\t<\/a>\n\t\t\t\t<img decoding=\"async\" src=\"https:\/\/www.hybernia.eu\/wp-content\/uploads\/2023\/08\/vinocool_LOGO-1-212x300.jpg\" alt=\"Partner premi\u00e9ry Vivaldino\" itemprop=\"image\" height=\"300\" width=\"212\" title=\"vinocool_LOGO-1\" onerror=\"this.style.display='none'\" loading=\"lazy\" \/>\n\t\t\t\t<img decoding=\"async\" src=\"https:\/\/www.hybernia.eu\/wp-content\/uploads\/2023\/09\/Logo-300x225.jpg\" alt=\"Print\" itemprop=\"image\" height=\"225\" width=\"300\" title=\"Print\" onerror=\"this.style.display='none'\" loading=\"lazy\" \/>\n\t\t\t\t<a href=\"https:\/\/www.backtooffline.cz\/\" target=\"_blank\" rel=\"noopener\" itemprop=\"url\">\n\t\t\t\t<img decoding=\"async\" src=\"https:\/\/www.hybernia.eu\/wp-content\/uploads\/2024\/11\/Prahou-s-pruvodcem_2.jpg\" alt=\"Prahou s pr\u016fvodcem - 1\" itemprop=\"image\" height=\"263\" width=\"500\" title=\"Prahou s pr\u016fvodcem - 1\" onerror=\"this.style.display='none'\" loading=\"lazy\" \/>\n\t\t\t\t<\/a>\n\t\t\t\t<a href=\"https:\/\/www.alwasmaty.cz\/\" target=\"_blank\" rel=\"noopener\" itemprop=\"url\">\n\t\t\t\t<img decoding=\"async\" src=\"https:\/\/www.hybernia.eu\/wp-content\/uploads\/2024\/04\/Navrh-bez-nazvu.jpg\" alt=\"xr:d:DAGBjL_KJJs:5,j:3981605987253138261,t:24040512\" itemprop=\"image\" height=\"175\" width=\"175\" title=\"xr:d:DAGBjL_KJJs:5,j:3981605987253138261,t:24040512\" onerror=\"this.style.display='none'\" loading=\"lazy\" \/>\n\t\t\t\t<\/a>\n\t\t\t\t<a href=\"https:\/\/makeupinstitute.cz\/\" target=\"_blank\" rel=\"noopener\" itemprop=\"url\">\n\t\t\t\t<img decoding=\"async\" src=\"https:\/\/www.hybernia.eu\/wp-content\/uploads\/2024\/11\/MAKE-UP_INSTITUTE_white.jpg\" alt=\"MAKE-UP_INSTITUTE_white\" itemprop=\"image\" height=\"354\" width=\"709\" title=\"MAKE-UP_INSTITUTE_white\" onerror=\"this.style.display='none'\" loading=\"lazy\" \/>\n\t\t\t\t<\/a>\n\t\t\t\t<a href=\"https:\/\/www.kudyznudy.cz\/\" target=\"_blank\" rel=\"noopener\" itemprop=\"url\">\n\t\t\t\t<img decoding=\"async\" src=\"https:\/\/www.hybernia.eu\/wp-content\/uploads\/2025\/09\/Kudy-z-nudy-barevne.png\" alt=\"Kudy-z-nudy-barevne\" itemprop=\"image\" height=\"84\" width=\"370\" title=\"Kudy-z-nudy-barevne\" onerror=\"this.style.display='none'\" loading=\"lazy\" \/>\n\t\t\t\t<\/a>\n\n","protected":false},"excerpt":{"rendered":"<p>We are grateful for the very valuable support by our amazing partners! Thank you! General partner Main media partner Partners<\/p>\n","protected":false},"author":1,"featured_media":0,"parent":1839,"menu_order":0,"comment_status":"closed","ping_status":"closed","template":"","meta":{"_acf_changed":false,"footnotes":""},"class_list":["post-1913","page","type-page","status-publish","hentry"],"acf":[],"_links":{"self":[{"href":"https:\/\/www.hybernia.eu\/en\/wp-json\/wp\/v2\/pages\/1913","targetHints":{"allow":["GET"]}}],"collection":[{"href":"https:\/\/www.hybernia.eu\/en\/wp-json\/wp\/v2\/pages"}],"about":[{"href":"https:\/\/www.hybernia.eu\/en\/wp-json\/wp\/v2\/types\/page"}],"author":[{"embeddable":true,"href":"https:\/\/www.hybernia.eu\/en\/wp-json\/wp\/v2\/users\/1"}],"replies":[{"embeddable":true,"href":"https:\/\/www.hybernia.eu\/en\/wp-json\/wp\/v2\/comments?post=1913"}],"version-history":[{"count":6,"href":"https:\/\/www.hybernia.eu\/en\/wp-json\/wp\/v2\/pages\/1913\/revisions"}],"predecessor-version":[{"id":8812,"href":"https:\/\/www.hybernia.eu\/en\/wp-json\/wp\/v2\/pages\/1913\/revisions\/8812"}],"up":[{"embeddable":true,"href":"https:\/\/www.hybernia.eu\/en\/wp-json\/wp\/v2\/pages\/1839"}],"wp:attachment":[{"href":"https:\/\/www.hybernia.eu\/en\/wp-json\/wp\/v2\/media?parent=1913"}],"curies":[{"name":"wp","href":"https:\/\/api.w.org\/{rel}","templated":true}]}}