{"id":1914,"date":"2023-05-14T10:16:53","date_gmt":"2023-05-14T08:16:53","guid":{"rendered":"https:\/\/www.hybernia.eu\/about-us\/for-media\/"},"modified":"2024-03-20T11:21:56","modified_gmt":"2024-03-20T10:21:56","slug":"for-media","status":"publish","type":"page","link":"https:\/\/www.hybernia.eu\/en\/about-us\/for-media\/","title":{"rendered":"For Media"},"content":{"rendered":"\n<h2 class=\"wp-block-heading has-text-align-center\">Contact<\/h2>\n\n<h4 class=\"wp-block-heading has-text-align-center\">Hana Tietze<\/h4>\n\n<p class=\"has-text-align-center\">hana.tietze@email.cz<\/p>\n\n<p class=\"has-text-align-center\">+420 602 349 483<\/p>\n\n<div style=\"height:30px\" aria-hidden=\"true\" class=\"wp-block-spacer\"><\/div>\n\n<h2 class=\"wp-block-heading has-text-align-center\">Press Releases<\/h2>\n\n<p class=\"has-text-align-center\">Are you interested in information about our productions? Take a look at the press releases below.<\/p>\n\n<div class=\"wp-block-columns is-layout-flex wp-container-core-columns-is-layout-9d6595d7 wp-block-columns-is-layout-flex\">\n<div class=\"wp-block-column is-layout-flow wp-block-column-is-layout-flow\" style=\"flex-basis:33.33%\">\n<figure class=\"wp-block-image size-large\"><img loading=\"lazy\" decoding=\"async\" width=\"1024\" height=\"683\" src=\"https:\/\/www.hybernia.eu\/wp-content\/uploads\/2023\/08\/A910046-1024x683.jpg\" alt=\"\" class=\"wp-image-1517\" srcset=\"https:\/\/www.hybernia.eu\/wp-content\/uploads\/2023\/08\/A910046-1024x683.jpg 1024w, https:\/\/www.hybernia.eu\/wp-content\/uploads\/2023\/08\/A910046-300x200.jpg 300w, https:\/\/www.hybernia.eu\/wp-content\/uploads\/2023\/08\/A910046-768x512.jpg 768w, https:\/\/www.hybernia.eu\/wp-content\/uploads\/2023\/08\/A910046-1536x1024.jpg 1536w, https:\/\/www.hybernia.eu\/wp-content\/uploads\/2023\/08\/A910046-2048x1365.jpg 2048w\" sizes=\"auto, (max-width: 1024px) 100vw, 1024px\" \/><\/figure>\n<\/div>\n\n\n\n<div class=\"wp-block-column is-layout-flow wp-block-column-is-layout-flow\" style=\"flex-basis:66.66%\">\n<h3 class=\"wp-block-heading\">Singin&#8217; in the Rain &#8211; 100 performances of Jan Kriz<\/h3>\n\n\n\n<h4 class=\"wp-block-heading\">April 23, 2023<\/h4>\n\n\n\n<p>Download the press release <a href=\"https:\/\/www.hybernia.eu\/wp-content\/uploads\/2023\/06\/TZ-Zpivani-v-desti-100-predstaveni-Jana-Krize.docx\">here<\/a>.<\/p>\n\n\n\n<p>Photography from the anniversary in print quality available <a href=\"https:\/\/drive.google.com\/drive\/folders\/19dzovQGb7RNRouejtMG5dYj2XGzw05jI?usp=sharing\" target=\"_blank\" rel=\"noopener\">here<\/a>.<\/p>\n<\/div>\n<\/div>\n\n<div class=\"wp-block-columns is-layout-flex wp-container-core-columns-is-layout-9d6595d7 wp-block-columns-is-layout-flex\">\n<div class=\"wp-block-column is-layout-flow wp-block-column-is-layout-flow\" style=\"flex-basis:33.33%\">\n<figure class=\"wp-block-image size-large\"><img loading=\"lazy\" decoding=\"async\" width=\"1024\" height=\"683\" src=\"https:\/\/www.hybernia.eu\/wp-content\/uploads\/2023\/06\/VIVALDIANNO_6-1024x683.jpg\" alt=\"\" class=\"wp-image-347\" srcset=\"https:\/\/www.hybernia.eu\/wp-content\/uploads\/2023\/06\/VIVALDIANNO_6-1024x683.jpg 1024w, https:\/\/www.hybernia.eu\/wp-content\/uploads\/2023\/06\/VIVALDIANNO_6-300x200.jpg 300w, https:\/\/www.hybernia.eu\/wp-content\/uploads\/2023\/06\/VIVALDIANNO_6-768x512.jpg 768w, https:\/\/www.hybernia.eu\/wp-content\/uploads\/2023\/06\/VIVALDIANNO_6-1536x1024.jpg 1536w, https:\/\/www.hybernia.eu\/wp-content\/uploads\/2023\/06\/VIVALDIANNO_6-2048x1365.jpg 2048w\" sizes=\"auto, (max-width: 1024px) 100vw, 1024px\" \/><\/figure>\n<\/div>\n\n\n\n<div class=\"wp-block-column is-layout-flow wp-block-column-is-layout-flow\" style=\"flex-basis:66.66%\">\n<h3 class=\"wp-block-heading\">Vivaldianno The Show for the first time in the scenic form in Hybernia Theatre<\/h3>\n\n\n\n<h4 class=\"wp-block-heading\">April 22, 2023<\/h4>\n\n\n\n<p>Download the press release <a href=\"https:\/\/www.hybernia.eu\/wp-content\/uploads\/2023\/08\/Tiskova-zprava_Vivaldianno-The-Show-uz-za-tyden-poprve-v-divadelni-podobe-v-Hybernii.docx\">here<\/a>.<\/p>\n\n\n\n<p>Photography from the premiere in print quality available <a href=\"https:\/\/drive.google.com\/drive\/folders\/1_l1yNEnjBPPsPvu3RhRlfMdMgRZmmY1l?usp=sharing\" target=\"_blank\" rel=\"noopener\">here<\/a>.<\/p>\n<\/div>\n<\/div>\n\n<div class=\"wp-block-columns is-layout-flex wp-container-core-columns-is-layout-9d6595d7 wp-block-columns-is-layout-flex\">\n<div class=\"wp-block-column is-layout-flow wp-block-column-is-layout-flow\" style=\"flex-basis:33.33%\">\n<figure class=\"wp-block-image size-large\"><img loading=\"lazy\" decoding=\"async\" width=\"1024\" height=\"683\" src=\"https:\/\/www.hybernia.eu\/wp-content\/uploads\/2023\/06\/A913315-1024x683.jpg\" alt=\"\" class=\"wp-image-306\" srcset=\"https:\/\/www.hybernia.eu\/wp-content\/uploads\/2023\/06\/A913315-1024x683.jpg 1024w, https:\/\/www.hybernia.eu\/wp-content\/uploads\/2023\/06\/A913315-300x200.jpg 300w, https:\/\/www.hybernia.eu\/wp-content\/uploads\/2023\/06\/A913315-768x512.jpg 768w, https:\/\/www.hybernia.eu\/wp-content\/uploads\/2023\/06\/A913315-1536x1024.jpg 1536w, https:\/\/www.hybernia.eu\/wp-content\/uploads\/2023\/06\/A913315-2048x1365.jpg 2048w\" sizes=\"auto, (max-width: 1024px) 100vw, 1024px\" \/><\/figure>\n<\/div>\n\n\n\n<div class=\"wp-block-column is-layout-flow wp-block-column-is-layout-flow\" style=\"flex-basis:66.66%\">\n<h3 class=\"wp-block-heading\">Hybernia Theatre will present the legendary musical Singin&#8217; in the Rain<\/h3>\n\n\n\n<h4 class=\"wp-block-heading\">January 23, 2023<\/h4>\n\n\n\n<p>Download the press release <a href=\"https:\/\/www.hybernia.eu\/wp-content\/uploads\/2023\/08\/Tiskova-zprava_Divadlo-Hybernia-uvede-legendarni-muzikal-Zpivani-v-desti.docx\">here<\/a>.<\/p>\n\n\n\n<p>Photography from the performance in print quality available <a href=\"https:\/\/drive.google.com\/drive\/folders\/1WbFmdyKuEwOROUddzNCdnUi96q17pNDk?usp=sharing\" target=\"_blank\" rel=\"noopener\">here<\/a>.<\/p>\n<\/div>\n<\/div>\n\n<div class=\"wp-block-columns is-layout-flex wp-container-core-columns-is-layout-9d6595d7 wp-block-columns-is-layout-flex\">\n<div class=\"wp-block-column is-layout-flow wp-block-column-is-layout-flow\" style=\"flex-basis:33.33%\">\n<figure class=\"wp-block-image size-large\"><img loading=\"lazy\" decoding=\"async\" width=\"1024\" height=\"683\" src=\"https:\/\/www.hybernia.eu\/wp-content\/uploads\/2023\/06\/VIVALDIANNO_Projekce-v-sale-1024x683.jpg\" alt=\"\" class=\"wp-image-395\" srcset=\"https:\/\/www.hybernia.eu\/wp-content\/uploads\/2023\/06\/VIVALDIANNO_Projekce-v-sale-1024x683.jpg 1024w, https:\/\/www.hybernia.eu\/wp-content\/uploads\/2023\/06\/VIVALDIANNO_Projekce-v-sale-300x200.jpg 300w, https:\/\/www.hybernia.eu\/wp-content\/uploads\/2023\/06\/VIVALDIANNO_Projekce-v-sale-768x512.jpg 768w, https:\/\/www.hybernia.eu\/wp-content\/uploads\/2023\/06\/VIVALDIANNO_Projekce-v-sale-1536x1024.jpg 1536w, https:\/\/www.hybernia.eu\/wp-content\/uploads\/2023\/06\/VIVALDIANNO_Projekce-v-sale-2048x1365.jpg 2048w\" sizes=\"auto, (max-width: 1024px) 100vw, 1024px\" \/><\/figure>\n<\/div>\n\n\n\n<div class=\"wp-block-column is-layout-flow wp-block-column-is-layout-flow\" style=\"flex-basis:66.66%\">\n<h3 class=\"wp-block-heading\">For the first time in a scenic form &#8211; Vivaldianno The Show in the Hybernia Theatre will offer 3D effects, modern choreography, interactive projection and the voice of Pierce Brosnan<\/h3>\n\n\n\n<h4 class=\"wp-block-heading\">February 16, 2023<\/h4>\n\n\n\n<p>Download the press release <a href=\"https:\/\/www.hybernia.eu\/wp-content\/uploads\/2023\/08\/Tiskova-zprava_Hudebni-show-Vivaldianno-poprve-v-divadelni-podobe-.docx\">here<\/a>.<\/p>\n\n\n\n<p>Photography from the premiere in print quality available <a href=\"https:\/\/drive.google.com\/drive\/u\/3\/folders\/1_l1yNEnjBPPsPvu3RhRlfMdMgRZmmY1l\" target=\"_blank\" rel=\"noopener\">here<\/a>.<\/p>\n<\/div>\n<\/div>\n\n<div class=\"wp-block-columns is-layout-flex wp-container-core-columns-is-layout-9d6595d7 wp-block-columns-is-layout-flex\">\n<div class=\"wp-block-column is-layout-flow wp-block-column-is-layout-flow\" style=\"flex-basis:33.33%\">\n<figure class=\"wp-block-image size-large\"><img loading=\"lazy\" decoding=\"async\" width=\"1024\" height=\"683\" src=\"https:\/\/www.hybernia.eu\/wp-content\/uploads\/2023\/06\/6Z1A8958-1024x683.jpg\" alt=\"\" class=\"wp-image-474\" srcset=\"https:\/\/www.hybernia.eu\/wp-content\/uploads\/2023\/06\/6Z1A8958-1024x683.jpg 1024w, https:\/\/www.hybernia.eu\/wp-content\/uploads\/2023\/06\/6Z1A8958-300x200.jpg 300w, https:\/\/www.hybernia.eu\/wp-content\/uploads\/2023\/06\/6Z1A8958-768x512.jpg 768w, https:\/\/www.hybernia.eu\/wp-content\/uploads\/2023\/06\/6Z1A8958-1536x1024.jpg 1536w, https:\/\/www.hybernia.eu\/wp-content\/uploads\/2023\/06\/6Z1A8958-2048x1365.jpg 2048w\" sizes=\"auto, (max-width: 1024px) 100vw, 1024px\" \/><\/figure>\n<\/div>\n\n\n\n<div class=\"wp-block-column is-layout-flow wp-block-column-is-layout-flow\" style=\"flex-basis:66.66%\">\n<h3 class=\"wp-block-heading\">Czech Traditional Christmas Carols Concert will return the Hybernia Theatre its original Baroque appearance in December Famous Czech opera singers Daniel H\u016flka and Daniel Kl\u00e1nsk\u00fd will sing as soloists<\/h3>\n\n\n\n<h4 class=\"wp-block-heading\">November 24, 2022<\/h4>\n\n\n\n<p>Download the press release <a href=\"https:\/\/www.hybernia.eu\/wp-content\/uploads\/2023\/08\/Tiskova-zprava_Ceska-mse-vanocni-rozezni-v-prosinci-divadlo-Hybernia-.docx\">here<\/a>.<\/p>\n\n\n\n<p>Photography from the performance in print quality available <a href=\"https:\/\/drive.google.com\/drive\/folders\/1mYcTAek_Xus8D7QGdLKJfdTiPImnghhV?usp=sharing\" target=\"_blank\" rel=\"noopener\">here<\/a>.<\/p>\n<\/div>\n<\/div>\n\n<div class=\"wp-block-columns is-layout-flex wp-container-core-columns-is-layout-9d6595d7 wp-block-columns-is-layout-flex\">\n<div class=\"wp-block-column is-layout-flow wp-block-column-is-layout-flow\" style=\"flex-basis:33.33%\">\n<figure class=\"wp-block-image size-large\"><img loading=\"lazy\" decoding=\"async\" width=\"1024\" height=\"683\" src=\"https:\/\/www.hybernia.eu\/wp-content\/uploads\/2023\/06\/foto6958_optimized-1024x683.jpg\" alt=\"\" class=\"wp-image-522\" srcset=\"https:\/\/www.hybernia.eu\/wp-content\/uploads\/2023\/06\/foto6958_optimized-1024x683.jpg 1024w, https:\/\/www.hybernia.eu\/wp-content\/uploads\/2023\/06\/foto6958_optimized-300x200.jpg 300w, https:\/\/www.hybernia.eu\/wp-content\/uploads\/2023\/06\/foto6958_optimized-768x512.jpg 768w, https:\/\/www.hybernia.eu\/wp-content\/uploads\/2023\/06\/foto6958_optimized-1536x1024.jpg 1536w, https:\/\/www.hybernia.eu\/wp-content\/uploads\/2023\/06\/foto6958_optimized-2048x1365.jpg 2048w\" sizes=\"auto, (max-width: 1024px) 100vw, 1024px\" \/><\/figure>\n<\/div>\n\n\n\n<div class=\"wp-block-column is-layout-flow wp-block-column-is-layout-flow\" style=\"flex-basis:66.66%\">\n<h3 class=\"wp-block-heading\">Hybernia Theatre will offer the atmosphere of a modern variety show &#8211; the biggest cabaret show in Czechia &#8211; Czech Cabaret Show<\/h3>\n\n\n\n<h4 class=\"wp-block-heading\">August 31, 2023<\/h4>\n\n\n\n<p>Download the press release <a href=\"https:\/\/www.hybernia.eu\/wp-content\/uploads\/2023\/08\/Tiskova-zprava_Divadlo-Hybernia-nabidne-atmosferu-moderniho-variete-.docx\">here<\/a>.<\/p>\n<\/div>\n<\/div>\n\n<div class=\"wp-block-columns is-layout-flex wp-container-core-columns-is-layout-9d6595d7 wp-block-columns-is-layout-flex\">\n<div class=\"wp-block-column is-layout-flow wp-block-column-is-layout-flow\" style=\"flex-basis:33.33%\">\n<figure class=\"wp-block-image size-large\"><img loading=\"lazy\" decoding=\"async\" width=\"1024\" height=\"683\" src=\"https:\/\/www.hybernia.eu\/wp-content\/uploads\/2023\/08\/muzi-o-zenach-online-134-1024x683.jpg\" alt=\"\" class=\"wp-image-1690\" srcset=\"https:\/\/www.hybernia.eu\/wp-content\/uploads\/2023\/08\/muzi-o-zenach-online-134-1024x683.jpg 1024w, https:\/\/www.hybernia.eu\/wp-content\/uploads\/2023\/08\/muzi-o-zenach-online-134-300x200.jpg 300w, https:\/\/www.hybernia.eu\/wp-content\/uploads\/2023\/08\/muzi-o-zenach-online-134-768x512.jpg 768w, https:\/\/www.hybernia.eu\/wp-content\/uploads\/2023\/08\/muzi-o-zenach-online-134-1536x1024.jpg 1536w, https:\/\/www.hybernia.eu\/wp-content\/uploads\/2023\/08\/muzi-o-zenach-online-134.jpg 2048w\" sizes=\"auto, (max-width: 1024px) 100vw, 1024px\" \/><\/figure>\n<\/div>\n\n\n\n<div class=\"wp-block-column is-layout-flow wp-block-column-is-layout-flow\" style=\"flex-basis:66.66%\">\n<h3 class=\"wp-block-heading\">Hybernia Theatre opens an eternal theme of men versus women in stand-up comedy show at the Valentine&#8217;s Day<\/h3>\n\n\n\n<h4 class=\"wp-block-heading\">February 2, 2023<\/h4>\n\n\n\n<p>Download the press release <a href=\"https:\/\/www.hybernia.eu\/wp-content\/uploads\/2023\/08\/Tiskova-zprava_Muzi-versus-zeny_Divadlo-Hybernia-otevre-odveke-tema-ve-valentynskem-stand-upu.docx\">here<\/a>.<\/p>\n<\/div>\n<\/div>\n","protected":false},"excerpt":{"rendered":"<p>Contact Hana Tietze hana.tietze@email.cz +420 602 349 483 Press Releases Are you interested in information about our productions? Take a&#8230;<\/p>\n","protected":false},"author":1,"featured_media":0,"parent":1839,"menu_order":0,"comment_status":"closed","ping_status":"closed","template":"","meta":{"_acf_changed":false,"footnotes":""},"class_list":["post-1914","page","type-page","status-publish","hentry"],"acf":[],"_links":{"self":[{"href":"https:\/\/www.hybernia.eu\/en\/wp-json\/wp\/v2\/pages\/1914","targetHints":{"allow":["GET"]}}],"collection":[{"href":"https:\/\/www.hybernia.eu\/en\/wp-json\/wp\/v2\/pages"}],"about":[{"href":"https:\/\/www.hybernia.eu\/en\/wp-json\/wp\/v2\/types\/page"}],"author":[{"embeddable":true,"href":"https:\/\/www.hybernia.eu\/en\/wp-json\/wp\/v2\/users\/1"}],"replies":[{"embeddable":true,"href":"https:\/\/www.hybernia.eu\/en\/wp-json\/wp\/v2\/comments?post=1914"}],"version-history":[{"count":1,"href":"https:\/\/www.hybernia.eu\/en\/wp-json\/wp\/v2\/pages\/1914\/revisions"}],"predecessor-version":[{"id":1915,"href":"https:\/\/www.hybernia.eu\/en\/wp-json\/wp\/v2\/pages\/1914\/revisions\/1915"}],"up":[{"embeddable":true,"href":"https:\/\/www.hybernia.eu\/en\/wp-json\/wp\/v2\/pages\/1839"}],"wp:attachment":[{"href":"https:\/\/www.hybernia.eu\/en\/wp-json\/wp\/v2\/media?parent=1914"}],"curies":[{"name":"wp","href":"https:\/\/api.w.org\/{rel}","templated":true}]}}