{"id":1917,"date":"2023-04-01T23:24:47","date_gmt":"2023-04-01T21:24:47","guid":{"rendered":"https:\/\/www.hybernia.eu\/for-visitors\/"},"modified":"2023-09-07T19:42:23","modified_gmt":"2023-09-07T17:42:23","slug":"for-visitors","status":"publish","type":"page","link":"https:\/\/www.hybernia.eu\/en\/for-visitors\/","title":{"rendered":"For Visitors"},"content":{"rendered":"\n\n\t<p>Chyst\u00e1te se k n\u00e1m do divadla a pot\u0159ebujete poradit, kde zaparkovat? Nejste si jist\u00ed, co si vz\u00edt na sebe? Na t\u00e9to str\u00e1nce naleznete praktick\u00e9 informace a tipy, kter\u00e9 v\u00e1m va\u0161i n\u00e1v\u0161t\u011bvu uleh\u010d\u00ed.<\/p>\n\t<h5><a href=\"https:\/\/www.hybernia.eu\/en\/for-visitors\/where-to-find-us\/\">KUDY K N\u00c1M<\/a><\/h5>\n<p>Kde n\u00e1s najdete? Jak\u00e1 je nejbli\u017e\u0161\u00ed zast\u00e1vka MHD?<\/p>\n\n\t<h5><a href=\"https:\/\/www.hybernia.eu\/en\/for-visitors\/parking\/\">PARKOV\u00c1N\u00cd<\/a><\/h5>\n<p>Kde nejl\u00e9pe v centru zaparkovat?<\/p>\n\t<h5><a href=\"https:\/\/www.hybernia.eu\/en\/for-visitors\/refreshments\/\">OB\u010cERSTVEN\u00cd<\/a><\/h5>\n<p>Kdy je otev\u0159en\u00e1 na\u0161e divadeln\u00ed kav\u00e1rna?<\/p>\n\t<h5><a href=\"https:\/\/www.hybernia.eu\/en\/for-visitors\/dress-code\/\">CO NA SEBE<\/a><\/h5>\n<p>Jak se obl\u00e9ct na divadeln\u00ed p\u0159edstaven\u00ed?<\/p>\n\t<h5><a href=\"https:\/\/www.hybernia.eu\/en\/for-visitors\/faq\/\">\u010cAST\u00c9 DOTAZY<\/a><\/h5>\n<p>Co dal\u0161\u00edho byste pot\u0159ebovali v\u011bd\u011bt?<\/p>\n\t<h5><a href=\"https:\/\/www.hybernia.eu\/en\/for-visitors\/wheelchair-access-and-assistant-dogs\/\">(BEZ)BARI\u00c9RY<\/a><\/h5>\n<p>M\u00e1me bezbari\u00e9rov\u00fd vstup? Jak\u00e1 sedadla v s\u00e1le jsou bezbari\u00e9rov\u00e1?<\/p>\n\t<h5><a href=\"https:\/\/www.hybernia.eu\/en\/for-visitors\/visiting-rules\/\">N\u00c1V\u0160T\u011aVN\u00cd \u0158\u00c1D<\/a><\/h5>\n<p>Jak\u00e9 z\u00e1sady a pravidla v divadle dodr\u017eovat?<\/p>\n\n","protected":false},"excerpt":{"rendered":"<p>Chyst\u00e1te se k n\u00e1m do divadla a pot\u0159ebujete poradit, kde zaparkovat? Nejste si jist\u00ed, co si vz\u00edt na sebe? Na&#8230;<\/p>\n","protected":false},"author":1,"featured_media":0,"parent":0,"menu_order":0,"comment_status":"closed","ping_status":"closed","template":"","meta":{"_acf_changed":false,"footnotes":""},"class_list":["post-1917","page","type-page","status-publish","hentry"],"acf":[],"_links":{"self":[{"href":"https:\/\/www.hybernia.eu\/en\/wp-json\/wp\/v2\/pages\/1917","targetHints":{"allow":["GET"]}}],"collection":[{"href":"https:\/\/www.hybernia.eu\/en\/wp-json\/wp\/v2\/pages"}],"about":[{"href":"https:\/\/www.hybernia.eu\/en\/wp-json\/wp\/v2\/types\/page"}],"author":[{"embeddable":true,"href":"https:\/\/www.hybernia.eu\/en\/wp-json\/wp\/v2\/users\/1"}],"replies":[{"embeddable":true,"href":"https:\/\/www.hybernia.eu\/en\/wp-json\/wp\/v2\/comments?post=1917"}],"version-history":[{"count":2,"href":"https:\/\/www.hybernia.eu\/en\/wp-json\/wp\/v2\/pages\/1917\/revisions"}],"predecessor-version":[{"id":1945,"href":"https:\/\/www.hybernia.eu\/en\/wp-json\/wp\/v2\/pages\/1917\/revisions\/1945"}],"wp:attachment":[{"href":"https:\/\/www.hybernia.eu\/en\/wp-json\/wp\/v2\/media?parent=1917"}],"curies":[{"name":"wp","href":"https:\/\/api.w.org\/{rel}","templated":true}]}}