{"id":1947,"date":"2023-05-14T10:13:05","date_gmt":"2023-05-14T08:13:05","guid":{"rendered":"https:\/\/www.hybernia.eu\/for-visitors\/where-to-find-us\/"},"modified":"2023-10-05T14:48:14","modified_gmt":"2023-10-05T12:48:14","slug":"where-to-find-us","status":"publish","type":"page","link":"https:\/\/www.hybernia.eu\/en\/for-visitors\/where-to-find-us\/","title":{"rendered":"Where to find us"},"content":{"rendered":"\n<p><strong>Address<\/strong><br\/>\nHybernia Theatre<br\/>\nnamesti Republiky 3\/4<br\/>\nPrague 1\n<\/p>\n\n<p>The Hybernia Theatre is situated in the very centre of Prague and is easily accessible by all means of transport.<\/p>\n\n<iframe src=\"https:\/\/www.google.com\/maps\/embed\/v1\/place?q=Divadlo+Hybernia%2C+N%C3%A1m%C4%9Bst%C3%AD+republiky+4%2C+Praha&#038;key=AIzaSyD09zQ9PNDNNy9TadMuzRV_UsPUoWKntt8\" aria-hidden=\"true\"><\/iframe>\n\n<p><strong>BUS<\/strong><strong>207 <\/strong> <br\/>\nstop N\u00e1m\u011bst\u00ed Republiky<br\/>\n(approximately 100 metres walk)\n<\/p>\n\n<p><strong>METRO<\/strong><strong>line B, stop N\u00e1m\u011bst\u00ed Republiky<\/strong><br\/> exit N\u00e1m\u011bst\u00ed Republiky, D\u016fm u Hybern\u016f<br\/> (approximately 100 metres walk) <strong>line A, stop M\u016fstek<br\/><\/strong> exit to the street Na P\u0159\u00edkopech<br\/> (approximately 600 metres walk) <\/p>\n\n<p><strong>TRAM<\/strong><strong>6, 8, 15, 26<\/strong><br\/> stop N\u00e1m\u011bst\u00ed Republiky<br\/> (approximately 100 metres walk) <\/p>\n","protected":false},"excerpt":{"rendered":"<p>Address Hybernia Theatre namesti Republiky 3\/4 Prague 1 The Hybernia Theatre is situated in the very centre of Prague and&#8230;<\/p>\n","protected":false},"author":1,"featured_media":0,"parent":1917,"menu_order":0,"comment_status":"closed","ping_status":"closed","template":"","meta":{"_acf_changed":false,"footnotes":""},"class_list":["post-1947","page","type-page","status-publish","hentry"],"acf":[],"_links":{"self":[{"href":"https:\/\/www.hybernia.eu\/en\/wp-json\/wp\/v2\/pages\/1947","targetHints":{"allow":["GET"]}}],"collection":[{"href":"https:\/\/www.hybernia.eu\/en\/wp-json\/wp\/v2\/pages"}],"about":[{"href":"https:\/\/www.hybernia.eu\/en\/wp-json\/wp\/v2\/types\/page"}],"author":[{"embeddable":true,"href":"https:\/\/www.hybernia.eu\/en\/wp-json\/wp\/v2\/users\/1"}],"replies":[{"embeddable":true,"href":"https:\/\/www.hybernia.eu\/en\/wp-json\/wp\/v2\/comments?post=1947"}],"version-history":[{"count":2,"href":"https:\/\/www.hybernia.eu\/en\/wp-json\/wp\/v2\/pages\/1947\/revisions"}],"predecessor-version":[{"id":1950,"href":"https:\/\/www.hybernia.eu\/en\/wp-json\/wp\/v2\/pages\/1947\/revisions\/1950"}],"up":[{"embeddable":true,"href":"https:\/\/www.hybernia.eu\/en\/wp-json\/wp\/v2\/pages\/1917"}],"wp:attachment":[{"href":"https:\/\/www.hybernia.eu\/en\/wp-json\/wp\/v2\/media?parent=1947"}],"curies":[{"name":"wp","href":"https:\/\/api.w.org\/{rel}","templated":true}]}}